{"id":794,"date":"2025-04-16T10:38:37","date_gmt":"2025-04-16T13:38:37","guid":{"rendered":"https:\/\/berriasagardi.com.arreserva"},"modified":"2026-02-23T09:36:29","modified_gmt":"2026-02-23T12:36:29","slug":"reserva","status":"publish","type":"page","link":"https:\/\/berriasagardi.com.ar\/pt-br\/reserva\/","title":{"rendered":"Reservar"},"content":{"rendered":"\t\t<div data-elementor-type=\"wp-page\" data-elementor-id=\"794\" class=\"elementor elementor-794 elementor-371\" data-elementor-post-type=\"page\">\n\t\t\t\t<div class=\"elementor-element elementor-element-d938f26 e-flex e-con-boxed e-con e-parent\" data-id=\"d938f26\" data-element_type=\"container\" data-settings=\"{&quot;background_background&quot;:&quot;classic&quot;,&quot;jet_parallax_layout_list&quot;:[]}\">\n\t\t\t\t\t<div class=\"e-con-inner\">\n\t\t\t\t<div class=\"elementor-element elementor-element-0c5ea65 elementor-widget elementor-widget-image\" data-id=\"0c5ea65\" data-element_type=\"widget\" data-widget_type=\"image.default\">\n\t\t\t\t<div class=\"elementor-widget-container\">\n\t\t\t\t\t\t\t\t\t\t\t\t\t\t\t\t<a href=\"https:\/\/berriasagardi.com.ar\/pt-br\/\">\n\t\t\t\t\t\t\t<img decoding=\"async\" width=\"1\" height=\"1\" src=\"https:\/\/berriasagardi.com.ar\/wp-content\/uploads\/2025\/01\/Berria_logo.svg\" class=\"attachment-large size-large wp-image-615\" alt=\"\" \/>\t\t\t\t\t\t\t\t<\/a>\n\t\t\t\t\t\t\t\t\t\t\t\t\t\t\t<\/div>\n\t\t\t\t<\/div>\n\t\t\t\t<div class=\"elementor-element elementor-element-c6751cf elementor-widget elementor-widget-heading\" data-id=\"c6751cf\" data-element_type=\"widget\" data-widget_type=\"heading.default\">\n\t\t\t\t<div class=\"elementor-widget-container\">\n\t\t\t\t\t<h2 class=\"elementor-heading-title elementor-size-default\">Reservar<\/h2>\t\t\t\t<\/div>\n\t\t\t\t<\/div>\n\t\t\t\t\t<\/div>\n\t\t\t\t<\/div>\n\t\t<div class=\"elementor-element elementor-element-b7443af e-flex e-con-boxed e-con e-parent\" data-id=\"b7443af\" data-element_type=\"container\" data-settings=\"{&quot;jet_parallax_layout_list&quot;:[]}\">\n\t\t\t\t\t<div class=\"e-con-inner\">\n\t\t\t\t<div class=\"elementor-element elementor-element-6f90c9b elementor-widget elementor-widget-text-editor\" data-id=\"6f90c9b\" data-element_type=\"widget\" data-widget_type=\"text-editor.default\">\n\t\t\t\t<div class=\"elementor-widget-container\">\n\t\t\t\t\t\t\t\t\t<p>Na BERRIA by Sagardi, cada prato \u00e9 um convite para saborear a aut\u00eantica culin\u00e1ria basca, aprimorada pela arte de grelhar.<br><strong>Reserve sua mesa e prepare-se para uma aut\u00eantica viagem gastron\u00f4mica.<\/strong><\/p>\t\t\t\t\t\t\t\t<\/div>\n\t\t\t\t<\/div>\n\t\t\t\t\t<\/div>\n\t\t\t\t<\/div>\n\t\t<div class=\"elementor-element elementor-element-466218e e-flex e-con-boxed e-con e-parent\" data-id=\"466218e\" data-element_type=\"container\" data-settings=\"{&quot;jet_parallax_layout_list&quot;:[]}\">\n\t\t\t\t\t<div class=\"e-con-inner\">\n\t\t\t\t<div class=\"elementor-element elementor-element-56f4c9a elementor-widget elementor-widget-html\" data-id=\"56f4c9a\" data-element_type=\"widget\" data-widget_type=\"html.default\">\n\t\t\t\t<div class=\"elementor-widget-container\">\n\t\t\t\t\t<script type=\"text\/javascript\" src=\"https:\/\/www.covermanager.com\/js\/iframeResizer.min.js\"><\/script><iframe id=\"berria-sagardi\" title=\"Reservas\" src=\"https:\/\/www.covermanager.com\/reservation\/module_restaurant\/berria-sagardi\/spanish\" allow=\"payment\" frameborder=\"0\" height=\"550\" width=\"100%\" onload=\"iFrameResize();\"><\/iframe>\t\t\t\t<\/div>\n\t\t\t\t<\/div>\n\t\t\t\t\t<\/div>\n\t\t\t\t<\/div>\n\t\t\t\t<\/div>\n\t\t","protected":false},"excerpt":{"rendered":"<p>Reservar Na BERRIA by Sagardi, cada prato \u00e9 um convite para saborear a aut\u00eantica culin\u00e1ria basca, aprimorada pela arte de grelhar.Reserve sua mesa e prepare-se para uma aut\u00eantica viagem gastron\u00f4mica.<\/p>\n","protected":false},"author":2,"featured_media":0,"parent":0,"menu_order":0,"comment_status":"closed","ping_status":"closed","template":"","meta":{"footnotes":""},"class_list":["post-794","page","type-page","status-publish","hentry"],"_links":{"self":[{"href":"https:\/\/berriasagardi.com.ar\/pt-br\/wp-json\/wp\/v2\/pages\/794","targetHints":{"allow":["GET"]}}],"collection":[{"href":"https:\/\/berriasagardi.com.ar\/pt-br\/wp-json\/wp\/v2\/pages"}],"about":[{"href":"https:\/\/berriasagardi.com.ar\/pt-br\/wp-json\/wp\/v2\/types\/page"}],"author":[{"embeddable":true,"href":"https:\/\/berriasagardi.com.ar\/pt-br\/wp-json\/wp\/v2\/users\/2"}],"replies":[{"embeddable":true,"href":"https:\/\/berriasagardi.com.ar\/pt-br\/wp-json\/wp\/v2\/comments?post=794"}],"version-history":[{"count":10,"href":"https:\/\/berriasagardi.com.ar\/pt-br\/wp-json\/wp\/v2\/pages\/794\/revisions"}],"predecessor-version":[{"id":1018,"href":"https:\/\/berriasagardi.com.ar\/pt-br\/wp-json\/wp\/v2\/pages\/794\/revisions\/1018"}],"wp:attachment":[{"href":"https:\/\/berriasagardi.com.ar\/pt-br\/wp-json\/wp\/v2\/media?parent=794"}],"curies":[{"name":"wp","href":"https:\/\/api.w.org\/{rel}","templated":true}]}}